{"id":2,"date":"2025-07-28T21:23:19","date_gmt":"2025-07-28T19:23:19","guid":{"rendered":"http:\/\/wordpress.p695750.webspaceconfig.de\/?page_id=2"},"modified":"2025-08-02T12:54:08","modified_gmt":"2025-08-02T10:54:08","slug":"start","status":"publish","type":"page","link":"https:\/\/www.design-emotions.com\/en\/","title":{"rendered":"Start"},"content":{"rendered":"<p>[et_pb_section fb_built=&#8220;1&#8243; _builder_version=&#8220;4.27.4&#8243; custom_margin=&#8220;0px||||false|false&#8220; custom_padding=&#8220;0px||||false|false&#8220; global_colors_info=&#8220;{}&#8220;][et_pb_row _builder_version=&#8220;4.27.4&#8243; _module_preset=&#8220;default&#8220; width=&#8220;100%&#8220; max_width=&#8220;1420px&#8220; custom_padding=&#8220;0px||||false|false&#8220; global_colors_info=&#8220;{}&#8220;][et_pb_column type=&#8220;4_4&#8243; _builder_version=&#8220;4.27.4&#8243; _module_preset=&#8220;default&#8220; global_colors_info=&#8220;{}&#8220;][et_pb_image src=&#8220;https:\/\/www.design-emotions.com\/wp-content\/uploads\/2025\/07\/headerbild-home-01.jpg&#8220; title_text=&#8220;headerbild-home-01&#8243; _builder_version=&#8220;4.27.4&#8243; _module_preset=&#8220;default&#8220; global_colors_info=&#8220;{}&#8220;][\/et_pb_image][\/et_pb_column][\/et_pb_row][et_pb_row column_structure=&#8220;1_2,1_2&#8243; _builder_version=&#8220;4.16&#8243; background_size=&#8220;initial&#8220; background_position=&#8220;top_left&#8220; background_repeat=&#8220;repeat&#8220; global_colors_info=&#8220;{}&#8220;][et_pb_column type=&#8220;1_2&#8243; _builder_version=&#8220;4.16&#8243; custom_padding=&#8220;|||&#8220; global_colors_info=&#8220;{}&#8220; custom_padding__hover=&#8220;|||&#8220;][et_pb_text _builder_version=&#8220;4.16&#8243; background_size=&#8220;initial&#8220; background_position=&#8220;top_left&#8220; background_repeat=&#8220;repeat&#8220; global_colors_info=&#8220;{}&#8220;]<!-- divi:paragraph --><\/p>\n<div id=\"c4\" class=\"frame frame-default frame-type-header frame-layout-0\">\n<header>\n<h3 class=\"\">DESIGN&amp;EMOTIONS International GmbH<\/h3>\n<\/header>\n<\/div>\n<div id=\"c2\" class=\"frame frame-default frame-type-textpic frame-layout-0\">\n<header>\n<h1>Welcome!<\/h1>\n<\/header>\n<div class=\"ce-textpic ce-center ce-above\">\n<div class=\"ce-bodytext\"><\/div>\n<\/div>\n<\/div>\n<p>With establishment of DESIGN&amp;EMOTIONS Ltd. in 2006 - renamed DESIGN&amp;EMOTIONS International GmbH at the beginning of 2021, we understand our role as a promoter of good Design. We are hereby not only interested in form and haptics, but also, how and under which circumstances these products are been manufactured. The passion for innovative design and first class quality materials used, the creativity of designers, interior designers and architects in combination with extraordinary craftsmanship finally leads to success.<\/p>\n<p>Over the years, we were able to built an international network to companies producing high end designed products, so for example luxurious furniture fabrics, woolen throws\/ plaids, fashionable lighting or a wide range of furniture to service the contract and residential market.<\/p>\n<p>Together with our suppliers, DESIGN&amp;EMOTIONS International GmbH continously seeks to push the aesthetic, technological and artistic bounderies to create new products to our all best benefit.<\/p>\n<p>That is for what I am staying for.<br \/><strong>Till Sayle<\/strong><\/p>\n<p>&nbsp;<\/p>\n<p><!-- \/divi:paragraph -->[\/et_pb_text][\/et_pb_column][et_pb_column type=&#8220;1_2&#8243; _builder_version=&#8220;4.16&#8243; custom_padding=&#8220;|||&#8220; global_colors_info=&#8220;{}&#8220; custom_padding__hover=&#8220;|||&#8220;][et_pb_image src=&#8220;https:\/\/www.design-emotions.com\/wp-content\/uploads\/2025\/07\/contentbild-startseite.jpg&#8220; title_text=&#8220;contentbild-startseite&#8220; _builder_version=&#8220;4.27.4&#8243; _module_preset=&#8220;default&#8220; global_colors_info=&#8220;{}&#8220;][\/et_pb_image][\/et_pb_column][\/et_pb_row][\/et_pb_section]<\/p>","protected":false},"excerpt":{"rendered":"<p>DESIGN&amp;EMOTIONS International GmbH Willkommen! Seit Gr\u00fcndung von DESIGN&amp;EMOTIONS Ltd. im Jahr 2006 &#8211; umfirmiert in\u00a0DESIGN&amp;EMOTIONS International GmbH seit Anfang 2021 &#8211; verstehen wir uns als F\u00f6rderer gut gestalteter Dinge. Hierbei interessieren uns aber nicht nur Form und Haptik, sondern wir legen auch ein gro\u00dfes Augenmerk darauf, wie und unter welchen Bedingungen die Produkte hergestellt werden. [&hellip;]<\/p>","protected":false},"author":1,"featured_media":0,"parent":0,"menu_order":0,"comment_status":"closed","ping_status":"closed","template":"","meta":{"_et_pb_use_builder":"on","_et_pb_old_content":"<!-- wp:paragraph -->\n<p>Dies ist eine Beispiel-Seite. Sie unterscheidet sich von Beitr\u00e4gen, da sie stets an derselben Stelle bleibt und (bei den meisten Themes) in der Website-Navigation angezeigt wird. Die meisten starten mit einem Impressum, der Datenschutzerkl\u00e4rung oder einer \u201e\u00dcber\u00a0uns\u201c-Seite, um sich potenziellen Besuchern der Website vorzustellen. Dort k\u00f6nnte zum Beispiel stehen:<\/p>\n<!-- \/wp:paragraph -->\n\n<!-- wp:quote -->\n<blockquote class=\"wp-block-quote\"><p>Hallo! Tags\u00fcber arbeite ich als Fahrradkurier, nachts bin ich ein aufstrebender Schauspieler und dies hier ist meine Website. Ich lebe in Berlin, habe einen gro\u00dfen Hund namens Jack, mag Pi&#241;a Coladas, jedoch weniger (ohne Schirm) im Regen stehen gelassen zu werden.<\/p><\/blockquote>\n<!-- \/wp:quote -->\n\n<!-- wp:paragraph -->\n<p>\u2026\u00a0oder so etwas wie:<\/p>\n<!-- \/wp:paragraph -->\n\n<!-- wp:quote -->\n<blockquote class=\"wp-block-quote\"><p>Das Unternehmen XYZ wurde 1971 gegr\u00fcndet und versorgt die \u00d6ffentlichkeit seither mit qualitativ hochwertigen Produkten. An seinem Standort in einer kleinen Gro\u00dfstadt besch\u00e4ftigt der Betrieb \u00fcber 2.000 Menschen und unterst\u00fctzt die Stadtbewohner in vielfacher Hinsicht.<\/p><\/blockquote>\n<!-- \/wp:quote -->\n\n<!-- wp:paragraph -->\n<p>Als neuer WordPress-Benutzer solltest du <a href=\"https:\/\/www.design-emotions.com\/wp-admin\/\">dein Dashboard<\/a> aufrufen, um diese Seite zu l\u00f6schen und neue Seiten und Beitr\u00e4ge f\u00fcr deine Website erstellen. Viel Spa\u00df!<\/p>\n<!-- \/wp:paragraph -->","_et_gb_content_width":"","footnotes":""},"class_list":["post-2","page","type-page","status-publish","hentry"],"_links":{"self":[{"href":"https:\/\/www.design-emotions.com\/en\/wp-json\/wp\/v2\/pages\/2","targetHints":{"allow":["GET"]}}],"collection":[{"href":"https:\/\/www.design-emotions.com\/en\/wp-json\/wp\/v2\/pages"}],"about":[{"href":"https:\/\/www.design-emotions.com\/en\/wp-json\/wp\/v2\/types\/page"}],"author":[{"embeddable":true,"href":"https:\/\/www.design-emotions.com\/en\/wp-json\/wp\/v2\/users\/1"}],"replies":[{"embeddable":true,"href":"https:\/\/www.design-emotions.com\/en\/wp-json\/wp\/v2\/comments?post=2"}],"version-history":[{"count":11,"href":"https:\/\/www.design-emotions.com\/en\/wp-json\/wp\/v2\/pages\/2\/revisions"}],"predecessor-version":[{"id":70,"href":"https:\/\/www.design-emotions.com\/en\/wp-json\/wp\/v2\/pages\/2\/revisions\/70"}],"wp:attachment":[{"href":"https:\/\/www.design-emotions.com\/en\/wp-json\/wp\/v2\/media?parent=2"}],"curies":[{"name":"wp","href":"https:\/\/api.w.org\/{rel}","templated":true}]}}