{"id":3,"date":"2025-07-28T21:23:19","date_gmt":"2025-07-28T19:23:19","guid":{"rendered":"http:\/\/wordpress.p695750.webspaceconfig.de\/?page_id=3"},"modified":"2025-08-15T13:11:57","modified_gmt":"2025-08-15T11:11:57","slug":"datenschutzerklaerung","status":"publish","type":"page","link":"https:\/\/www.design-emotions.com\/en\/datenschutzerklaerung\/","title":{"rendered":"Privacy Statement"},"content":{"rendered":"<p>[et_pb_section fb_built=&#8220;1&#8243; _builder_version=&#8220;4.27.4&#8243; custom_margin=&#8220;||||false|false&#8220; custom_padding=&#8220;||||false|false&#8220; global_colors_info=&#8220;{}&#8220;][et_pb_row column_structure=&#8220;1_2,1_2&#8243; _builder_version=&#8220;4.27.4&#8243; background_size=&#8220;initial&#8220; background_position=&#8220;top_left&#8220; background_repeat=&#8220;repeat&#8220; global_colors_info=&#8220;{}&#8220;][et_pb_column type=&#8220;1_2&#8243; _builder_version=&#8220;4.16&#8243; custom_padding=&#8220;|||&#8220; global_colors_info=&#8220;{}&#8220; custom_padding__hover=&#8220;|||&#8220;][et_pb_text _builder_version=&#8220;4.16&#8243; background_size=&#8220;initial&#8220; background_position=&#8220;top_left&#8220; background_repeat=&#8220;repeat&#8220; global_colors_info=&#8220;{}&#8220;]<!-- divi:paragraph --><\/p>\n<div id=\"c4\" class=\"frame frame-default frame-type-header frame-layout-0\">\n<header><\/header>\n<\/div>\n<div id=\"c2\" class=\"frame frame-default frame-type-textpic frame-layout-0\">\n<header>\n<h1 class=\"\">Privacy Statement<\/h1>\n<p>&nbsp;<\/p>\n<\/header>\n<div class=\"ce-textpic ce-center ce-above\">\n<div class=\"ce-bodytext\"><\/div>\n<\/div>\n<\/div>\n<div class=\"col-xs-12 col-md-6\">\n<div id=\"c141\" class=\"frame frame-default frame-type-text frame-layout-0\">\n<p>Responsible body in the sense of the data protection laws, in particular the EU data protection basic regulation (DSGVO), is:<br \/>Till Sayle, Haslacher Strasse 22, 89081 Ulm<\/p>\n<p><strong>Your victims rights<\/strong><br \/>You can always exercise the following rights under the contact details of our data protection officer:<br \/>- Information about your stored data and their processing,<br \/>- correction of incorrect personal data,<br \/>- deletion of your stored data,<br \/>- Restriction of data processing, if we are not yet allowed to delete your data due to legal obligations,<br \/>- Objection to the processing of your data with us and<br \/>- Data portability, if you have consented to the data processing or have concluded a contract with us.<\/p>\n<p>If you have given us your consent, you can withdraw it at any time with effect for the future. You can always contact the supervisory authority responsible for you with a complaint. Your competent supervisory authority will depend on the state of your domicile, work or alleged violation.<\/p>\n<p><strong>Zwecke der Datenverarbeitung durch die verantwortliche Stelle und Dritte<\/strong><br \/>We process your personal data only for the purposes stated in this privacy policy. A transfer of your personal data to third parties for purposes other than those mentioned does not take place. We only share your personal information with third parties if:<br \/>- you have given your express consent<br \/>- processing is required to complete a contract with you,<br \/>- the processing is necessary to fulfill a legal obligation,<br \/>- processing is necessary to protect legitimate interests and there is no reason to believe that you have an overriding legitimate interest in not disclosing your information.<\/p>\n<p><strong>Deletion or blocking of data<\/strong><br \/>We adhere to the principles of data avoidance and data economy. Therefore, we only store your personal data for as long as is necessary to achieve the purposes mentioned here or as provided for by the various storage periods provided for by law. After discontinuation of the respective purpose or expiration of these deadlines, the corresponding data will be routinely and in accordance with the statutory provisions blocked or deleted.<\/p>\n<p><strong>Collecting general information<\/strong><br \/>When you access our website, information of a general nature is automatically recorded. This information (server log files) includes, for example, the type of web browser, the operating system used, the domain name of your Internet service provider and the like. This is only information that does not allow conclusions about your person. This information is technically necessary to correctly deliver the contents of web pages requested by you and is mandatory when using the internet. Anonymous information of this kind is statistically evaluated by us, in order to optimize our Internet appearance and the technology behind it.<\/p>\n<p><strong>Cookies<\/strong><br \/>Like many other websites, we also use so-called \"cookies\". Cookies are small text files that are transferred from a website server to your hard drive. This automatically gives us certain data, such as IP address, browser used, operating system from your computer and your connection to the Internet. Cookies can not be used to launch programs or to transfer viruses to a computer. Based on the information contained in cookies, we can facilitate navigation and enable the correct display of our websites. In no case will the data collected by us be passed on to third parties or a link with personal data will be established without your consent. Of course, you can also view our website without cookies. Internet browsers are regularly set to accept cookies. You can deactivate the use of cookies at any time via the settings of your browser. Please use the help features of your internet browser to find out how to change these settings. Please note that some features of our website may not work if you have disabled the use of cookies.<\/p>\n<p>Zur Verwaltung der eingesetzten Cookies und &auml;hnlichen Technologien (Tracking-Pixel, Web-Beacons etc.) und diesbez&uuml;glicher Einwilligungen setzen wir das Consent Tool &bdquo;Real Cookie Banner&ldquo; ein. Details zur Funktionsweise von &bdquo;Real Cookie Banner&ldquo; findest du unter &lt;a href=&quot;\/en\/&ldquo;https:\/\/devowl.io\/de\/rcb\/datenverarbeitung\/&ldquo;\/&quot; rel=&quot;&ldquo;noreferrer&ldquo;&quot; target=&quot;&ldquo;_blank&ldquo;&quot;&gt;https:\/\/devowl.io\/de\/rcb\/datenverarbeitung\/&lt;\/a&gt;.<\/p>\n<p>Rechtsgrundlagen f\u00fcr die Verarbeitung von personenbezogenen Daten in diesem Zusammenhang sind Art. 6 Abs. 1 lit. c DS-GVO und Art. 6 Abs. 1 lit. f DS-GVO. Unser berechtigtes Interesse ist die Verwaltung der eingesetzten Cookies und \u00e4hnlichen Technologien und der diesbez\u00fcglichen Einwilligungen.<\/p>\n<p>Die Bereitstellung der personenbezogenen Daten ist weder vertraglich vorgeschrieben noch f\u00fcr den Abschluss eines Vertrages notwendig. Du bist nicht verpflichtet die personenbezogenen Daten bereitzustellen. Wenn du die personenbezogenen Daten nicht bereitstellst, k\u00f6nnen wir deine Einwilligungen nicht verwalten.<\/p>\n<\/div>\n<\/div>\n<div class=\"col-xs-12 col-md-6\">\n<div id=\"c142\" class=\"frame frame-default frame-type-text frame-layout-0\"><\/div>\n<\/div>\n<p>&nbsp;<\/p>\n<p>&nbsp;<\/p>\n<p><!-- \/divi:paragraph -->[\/et_pb_text][\/et_pb_column][et_pb_column type=&#8220;1_2&#8243; _builder_version=&#8220;4.16&#8243; custom_padding=&#8220;|||&#8220; global_colors_info=&#8220;{}&#8220; custom_padding__hover=&#8220;|||&#8220;][et_pb_text _builder_version=&#8220;4.27.4&#8243; _module_preset=&#8220;default&#8220; global_colors_info=&#8220;{}&#8220;]<\/p>\n<section class=\"contentWrap\">\n<div class=\"container-fluid\">\n<div class=\"row\">\n<div class=\"col-xs-12 col-md-6\">\n<div id=\"c142\" class=\"frame frame-default frame-type-text frame-layout-0\">\n<p><strong>SSL encryption<\/strong><br \/>To protect the security of your data during transmission, we use state-of-the-art encryption techniques (such as SSL) over HTTPS.<\/p>\n<p><strong>Contact form<\/strong><br \/>If you contact us by e-mail or contact form, the information you provide will be stored for the purpose of processing the request and for possible follow-up questions.<\/p>\n<p><strong>Using Script Libraries (Google Webfonts)<\/strong><br \/>In order to render our content correctly and graphically appealing across browsers, we use script libraries and font libraries on this website, such as: Google Webfonts (https:\/\/www.google.com\/webfonts\/). Google web fonts are transferred to the cache of your browser to prevent multiple loading. If the browser does not support Google Web fonts or prohibits access, content will be displayed in a standard font.<br \/>The call of script libraries or font libraries automatically triggers a connection to the operator of the library. It is theoretically possible - but currently also unclear whether and if so for what purposes - that operators of such libraries collect data.<br \/>The privacy policy of the library operator Google can be found here: https:\/\/www.google.com\/policies\/privacy\/<\/p>\n<p><strong>Your rights to information, correction, suspension, cancellation and opposition<\/strong><br \/>You have the right to receive information about your personal data stored by us at any time. Likewise, you have the right to correction, blocking or, apart from the prescribed data storage for business transactions, deletion of your personal data. Please contact info@design-emotions.com.<br \/>For a data lock to be taken into account at all times, these data must be stored in a lock file for control purposes. You can also request the deletion of the data, as long as there is no statutory storage obligation. As far as such an obligation exists, we lock your data on request.<br \/>You can make changes or revoke your consent by notifying us with effect for the future. Just send us an e-mail at the given address.\u00a0<\/p>\n<p><strong>Change of our privacy policy<\/strong><br \/>We reserve the right to change this Privacy Policy from time to time to ensure that it complies with current legal requirements or to implement changes to our services in the Privacy Policy, such as: For example, when introducing new services. Your new visit will be subject to the new privacy policy.<\/p>\n<\/div>\n<\/div>\n<\/div>\n<\/div>\n<\/section>\n<footer data-landmark-index=\"2\">\n<div class=\"container-fluid\">\n<div class=\"row\">\n<div class=\"col-xs-12\"><\/div>\n<\/div>\n<\/div>\n<\/footer>\n<p>[\/et_pb_text][\/et_pb_column][\/et_pb_row][\/et_pb_section]<\/p>","protected":false},"excerpt":{"rendered":"<p>Datenschutzerkl\u00e4rung &nbsp; Verantwortliche Stelle im Sinne der Datenschutzgesetze ist:Till Sayle, Haslacher Stra\u00dfe 22, 89081 Ulm Ihre BetroffenenrechteUnter den angegebenen Kontaktdaten unseres Datenschutzbeauftragten k\u00f6nnen Sie jederzeit folgende Rechte aus\u00fcben:-\u00a0Auskunft \u00fcber Ihre bei uns gespeicherten Daten und deren Verarbeitung,- Berichtigung unrichtiger personenbezogener Daten,-\u00a0L\u00f6schung Ihrer bei uns gespeicherten Daten,-\u00a0Einschr\u00e4nkung der Datenverarbeitung, sofern wir Ihre Daten aufgrund gesetzlicher Pflichten [&hellip;]<\/p>","protected":false},"author":1,"featured_media":0,"parent":0,"menu_order":99,"comment_status":"closed","ping_status":"closed","template":"","meta":{"_et_pb_use_builder":"on","_et_pb_old_content":"<!-- wp:heading -->\n<h2 class=\"wp-block-heading\">Wer wir sind<\/h2>\n<!-- \/wp:heading -->\n<!-- wp:paragraph -->\n<p><strong class=\"privacy-policy-tutorial\">Textvorschlag: <\/strong>Die Adresse unserer Website ist: https:\/\/www.design-emotions.com.<\/p>\n<!-- \/wp:paragraph -->\n<!-- wp:heading -->\n<h2 class=\"wp-block-heading\">Kommentare<\/h2>\n<!-- \/wp:heading -->\n<!-- wp:paragraph -->\n<p><strong class=\"privacy-policy-tutorial\">Textvorschlag: <\/strong>Wenn Besucher Kommentare auf der Website schreiben, sammeln wir die Daten, die im Kommentar-Formular angezeigt werden, au\u00dferdem die IP-Adresse des Besuchers und den User-Agent-String (damit wird der Browser identifiziert), um die Erkennung von Spam zu unterst\u00fctzen.<\/p>\n<!-- \/wp:paragraph -->\n<!-- wp:paragraph -->\n<p>Aus deiner E-Mail-Adresse kann eine anonymisierte Zeichenfolge erstellt (auch Hash genannt) und dem Gravatar-Dienst \u00fcbergeben werden, um zu pr\u00fcfen, ob du diesen benutzt. Die Datenschutzerkl\u00e4rung des Gravatar-Dienstes findest du hier: https:\/\/automattic.com\/privacy\/. Nachdem dein Kommentar freigegeben wurde, ist dein Profilbild \u00f6ffentlich im Kontext deines Kommentars sichtbar.<\/p>\n<!-- \/wp:paragraph -->\n<!-- wp:heading -->\n<h2 class=\"wp-block-heading\">Medien<\/h2>\n<!-- \/wp:heading -->\n<!-- wp:paragraph -->\n<p><strong class=\"privacy-policy-tutorial\">Textvorschlag: <\/strong>Wenn du ein registrierter Benutzer bist und Fotos auf diese Website l\u00e4dst, solltest du vermeiden, Fotos mit einem EXIF-GPS-Standort hochzuladen. Besucher dieser Website k\u00f6nnten Fotos, die auf dieser Website gespeichert sind, herunterladen und deren Standort-Informationen extrahieren.<\/p>\n<!-- \/wp:paragraph -->\n<!-- wp:heading -->\n<h2 class=\"wp-block-heading\">Cookies<\/h2>\n<!-- \/wp:heading -->\n<!-- wp:paragraph -->\n<p><strong class=\"privacy-policy-tutorial\">Textvorschlag: <\/strong>Wenn du einen Kommentar auf unserer Website schreibst, kann das eine Einwilligung sein, deinen Namen, E-Mail-Adresse und Website in Cookies zu speichern. Dies ist eine Komfortfunktion, damit du nicht, wenn du einen weiteren Kommentar schreibst, all diese Daten erneut eingeben musst. Diese Cookies werden ein Jahr lang gespeichert.<\/p>\n<!-- \/wp:paragraph -->\n<!-- wp:paragraph -->\n<p>Falls du ein Konto hast und dich auf dieser Website anmeldest, werden wir ein tempor\u00e4res Cookie setzen, um festzustellen, ob dein Browser Cookies akzeptiert. Dieses Cookie enth\u00e4lt keine personenbezogenen Daten und wird verworfen, wenn du deinen Browser schlie\u00dft.<\/p>\n<!-- \/wp:paragraph -->\n<!-- wp:paragraph -->\n<p>Wenn du dich anmeldest, werden wir einige Cookies einrichten, um deine Anmeldeinformationen und Anzeigeoptionen zu speichern. Anmelde-Cookies verfallen nach zwei Tagen und Cookies f\u00fcr die Anzeigeoptionen nach einem Jahr. Falls du bei der Anmeldung \u201eAngemeldet bleiben\u201c ausw\u00e4hlst, wird deine Anmeldung zwei Wochen lang aufrechterhalten. Mit der Abmeldung aus deinem Konto werden die Anmelde-Cookies gel\u00f6scht.<\/p>\n<!-- \/wp:paragraph -->\n<!-- wp:paragraph -->\n<p>Wenn du einen Artikel bearbeitest oder ver\u00f6ffentlichst, wird ein zus\u00e4tzlicher Cookie in deinem Browser gespeichert. Dieser Cookie enth\u00e4lt keine personenbezogenen Daten und verweist nur auf die Beitrags-ID des Artikels, den du gerade bearbeitet hast. Der Cookie verf\u00e4llt nach einem Tag.<\/p>\n<!-- \/wp:paragraph -->\n<!-- wp:heading -->\n<h2 class=\"wp-block-heading\">Eingebettete Inhalte von anderen Websites<\/h2>\n<!-- \/wp:heading -->\n<!-- wp:paragraph -->\n<p><strong class=\"privacy-policy-tutorial\">Textvorschlag: <\/strong>Beitr\u00e4ge auf dieser Website k\u00f6nnen eingebettete Inhalte beinhalten (z.\u00a0B. Videos, Bilder, Beitr\u00e4ge etc.). Eingebettete Inhalte von anderen Websites verhalten sich exakt so, als ob der Besucher die andere Website besucht h\u00e4tte.<\/p>\n<!-- \/wp:paragraph -->\n<!-- wp:paragraph -->\n<p>Diese Websites k\u00f6nnen Daten \u00fcber dich sammeln, Cookies benutzen, zus\u00e4tzliche Tracking-Dienste von Dritten einbetten und deine Interaktion mit diesem eingebetteten Inhalt aufzeichnen, inklusive deiner Interaktion mit dem eingebetteten Inhalt, falls du ein Konto hast und auf dieser Website angemeldet bist.<\/p>\n<!-- \/wp:paragraph -->\n<!-- wp:heading -->\n<h2 class=\"wp-block-heading\">Mit wem wir deine Daten teilen<\/h2>\n<!-- \/wp:heading -->\n<!-- wp:paragraph -->\n<p><strong class=\"privacy-policy-tutorial\">Textvorschlag: <\/strong>Wenn du eine Zur\u00fccksetzung des Passworts beantragst, wird deine IP-Adresse in der E-Mail zur Zur\u00fccksetzung enthalten sein.<\/p>\n<!-- \/wp:paragraph -->\n<!-- wp:heading -->\n<h2 class=\"wp-block-heading\">Wie lange wir deine Daten speichern<\/h2>\n<!-- \/wp:heading -->\n<!-- wp:paragraph -->\n<p><strong class=\"privacy-policy-tutorial\">Textvorschlag: <\/strong>Wenn du einen Kommentar schreibst, wird dieser inklusive Metadaten zeitlich unbegrenzt gespeichert. Auf diese Art k\u00f6nnen wir Folgekommentare automatisch erkennen und freigeben, anstatt sie in einer Moderations-Warteschlange festzuhalten.<\/p>\n<!-- \/wp:paragraph -->\n<!-- wp:paragraph -->\n<p>F\u00fcr Benutzer, die sich auf unserer Website registrieren, speichern wir zus\u00e4tzlich die pers\u00f6nlichen Informationen, die sie in ihren Benutzerprofilen angeben. Alle Benutzer k\u00f6nnen jederzeit ihre pers\u00f6nlichen Informationen einsehen, ver\u00e4ndern oder l\u00f6schen (der Benutzername kann nicht ver\u00e4ndert werden). Administratoren der Website k\u00f6nnen diese Informationen ebenfalls einsehen und ver\u00e4ndern.<\/p>\n<!-- \/wp:paragraph -->\n<!-- wp:heading -->\n<h2 class=\"wp-block-heading\">Welche Rechte du an deinen Daten hast<\/h2>\n<!-- \/wp:heading -->\n<!-- wp:paragraph -->\n<p><strong class=\"privacy-policy-tutorial\">Textvorschlag: <\/strong>Wenn du ein Konto auf dieser Website besitzt oder Kommentare geschrieben hast, kannst du einen Export deiner personenbezogenen Daten bei uns anfordern, inklusive aller Daten, die du uns mitgeteilt hast. Dar\u00fcber hinaus kannst du die L\u00f6schung aller personenbezogenen Daten, die wir von dir gespeichert haben, anfordern. Dies umfasst nicht die Daten, die wir aufgrund administrativer, rechtlicher oder sicherheitsrelevanter Notwendigkeiten aufbewahren m\u00fcssen.<\/p>\n<!-- \/wp:paragraph -->\n<!-- wp:heading -->\n<h2 class=\"wp-block-heading\">Wohin deine Daten gesendet werden<\/h2>\n<!-- \/wp:heading -->\n<!-- wp:paragraph -->\n<p><strong class=\"privacy-policy-tutorial\">Textvorschlag: <\/strong>Besucher-Kommentare k\u00f6nnten von einem automatisierten Dienst zur Spam-Erkennung untersucht werden.<\/p>\n<!-- \/wp:paragraph -->\n","_et_gb_content_width":"","footnotes":""},"class_list":["post-3","page","type-page","status-publish","hentry"],"_links":{"self":[{"href":"https:\/\/www.design-emotions.com\/en\/wp-json\/wp\/v2\/pages\/3","targetHints":{"allow":["GET"]}}],"collection":[{"href":"https:\/\/www.design-emotions.com\/en\/wp-json\/wp\/v2\/pages"}],"about":[{"href":"https:\/\/www.design-emotions.com\/en\/wp-json\/wp\/v2\/types\/page"}],"author":[{"embeddable":true,"href":"https:\/\/www.design-emotions.com\/en\/wp-json\/wp\/v2\/users\/1"}],"replies":[{"embeddable":true,"href":"https:\/\/www.design-emotions.com\/en\/wp-json\/wp\/v2\/comments?post=3"}],"version-history":[{"count":4,"href":"https:\/\/www.design-emotions.com\/en\/wp-json\/wp\/v2\/pages\/3\/revisions"}],"predecessor-version":[{"id":138,"href":"https:\/\/www.design-emotions.com\/en\/wp-json\/wp\/v2\/pages\/3\/revisions\/138"}],"wp:attachment":[{"href":"https:\/\/www.design-emotions.com\/en\/wp-json\/wp\/v2\/media?parent=3"}],"curies":[{"name":"wp","href":"https:\/\/api.w.org\/{rel}","templated":true}]}}