{"id":47,"date":"2025-07-29T08:09:28","date_gmt":"2025-07-29T06:09:28","guid":{"rendered":"http:\/\/wordpress.p695750.webspaceconfig.de\/?page_id=47"},"modified":"2025-07-29T08:34:06","modified_gmt":"2025-07-29T06:34:06","slug":"dienstleistung","status":"publish","type":"page","link":"https:\/\/www.design-emotions.com\/en\/dienstleistung\/","title":{"rendered":"SERVICES"},"content":{"rendered":"<p>[et_pb_section fb_built=&#8220;1&#8243; _builder_version=&#8220;4.27.4&#8243; custom_margin=&#8220;0px||||false|false&#8220; custom_padding=&#8220;0px||||false|false&#8220; global_colors_info=&#8220;{}&#8220;][et_pb_row _builder_version=&#8220;4.27.4&#8243; _module_preset=&#8220;default&#8220; width=&#8220;100%&#8220; max_width=&#8220;1420px&#8220; custom_padding=&#8220;0px||||false|false&#8220; global_colors_info=&#8220;{}&#8220;][et_pb_column type=&#8220;4_4&#8243; _builder_version=&#8220;4.27.4&#8243; _module_preset=&#8220;default&#8220; global_colors_info=&#8220;{}&#8220;][et_pb_image src=&#8220;https:\/\/www.design-emotions.com\/wp-content\/uploads\/2025\/07\/headerbild-dienstleistungen.jpg&#8220; title_text=&#8220;headerbild-dienstleistungen&#8220; _builder_version=&#8220;4.27.4&#8243; _module_preset=&#8220;default&#8220; global_colors_info=&#8220;{}&#8220;][\/et_pb_image][\/et_pb_column][\/et_pb_row][et_pb_row column_structure=&#8220;1_2,1_2&#8243; _builder_version=&#8220;4.16&#8243; background_size=&#8220;initial&#8220; background_position=&#8220;top_left&#8220; background_repeat=&#8220;repeat&#8220; global_colors_info=&#8220;{}&#8220;][et_pb_column type=&#8220;1_2&#8243; _builder_version=&#8220;4.16&#8243; custom_padding=&#8220;|||&#8220; global_colors_info=&#8220;{}&#8220; custom_padding__hover=&#8220;|||&#8220;][et_pb_text _builder_version=&#8220;4.16&#8243; background_size=&#8220;initial&#8220; background_position=&#8220;top_left&#8220; background_repeat=&#8220;repeat&#8220; global_colors_info=&#8220;{}&#8220;]<!-- divi:paragraph --><\/p>\n<div id=\"c4\" class=\"frame frame-default frame-type-header frame-layout-0\">\n<header>\n<h3 class=\"\">Our Services<\/h3>\n<\/header>\n<\/div>\n<div id=\"c2\" class=\"frame frame-default frame-type-textpic frame-layout-0\">\n<header>\n<h1>Highest quality<\/h1>\n<\/header>\n<\/div>\n<div class=\"col-xs-12 col-md-6\">\n<div id=\"c84\" class=\"frame frame-default frame-type-textpic frame-layout-0\">\n<div class=\"ce-textpic ce-center ce-above\">\n<div class=\"ce-bodytext\">\n<p>Since the beginning of DESIGN&amp;EMOTIONS International GmbH in 2006, we started the collaboration with ITP Ulm, a textile engeneering office, founded in early 1970. Since than, our clients along the textile supply chain are gaining great profit out of this succesful partnership.<\/p>\n<p><strong>ITP Ulm<\/strong><span>\u00a0<\/span>ITP Ulm could also be your independent partner for reliable quality assurance of all textile sections.<\/p>\n<p><strong><a href=\"http:\/\/www.itp-textiletesting.com\/\" target=\"_blank\" rel=\"noopener\">Click here for the ITP Ulm-Website<\/a><\/strong><\/p>\n<\/div>\n<\/div>\n<\/div>\n<\/div>\n<p>&nbsp;<\/p>\n<p><!-- \/divi:paragraph -->[\/et_pb_text][\/et_pb_column][et_pb_column type=&#8220;1_2&#8243; _builder_version=&#8220;4.16&#8243; custom_padding=&#8220;|||&#8220; global_colors_info=&#8220;{}&#8220; custom_padding__hover=&#8220;|||&#8220;][et_pb_image src=&#8220;https:\/\/www.design-emotions.com\/wp-content\/uploads\/2025\/07\/contentbild-diensleistungen.jpg&#8220; title_text=&#8220;contentbild-diensleistungen&#8220; _builder_version=&#8220;4.27.4&#8243; _module_preset=&#8220;default&#8220; global_colors_info=&#8220;{}&#8220;][\/et_pb_image][\/et_pb_column][\/et_pb_row][\/et_pb_section]<\/p>","protected":false},"excerpt":{"rendered":"<p>UNSERE DIENSTLEISTUNG H\u00f6chste Qualit\u00e4tsanspr\u00fcche Bereits in den Anf\u00e4ngen der Firma DESIGN&amp;EMOTIONS International GmbH im Jahre 2006 haben wir zur Sicherung unserer Qualit\u00e4tsstandards die Zusammenarbeit mit dem in den 70-er Jahren gegr\u00fcndeten Ing.-b\u00fcro ITP Ulm begonnen \u2013 davon profitieren unsere Kunden entlang der textilen Kette bis heute. ITP Ulm\u00a0kann auch Ihr neutraler Partner f\u00fcr zuverl\u00e4ssige Qualit\u00e4tspr\u00fcfungen [&hellip;]<\/p>","protected":false},"author":1,"featured_media":0,"parent":0,"menu_order":20,"comment_status":"closed","ping_status":"closed","template":"","meta":{"_et_pb_use_builder":"on","_et_pb_old_content":"<!-- wp:divi\/placeholder \/-->","_et_gb_content_width":"","footnotes":""},"class_list":["post-47","page","type-page","status-publish","hentry"],"_links":{"self":[{"href":"https:\/\/www.design-emotions.com\/en\/wp-json\/wp\/v2\/pages\/47","targetHints":{"allow":["GET"]}}],"collection":[{"href":"https:\/\/www.design-emotions.com\/en\/wp-json\/wp\/v2\/pages"}],"about":[{"href":"https:\/\/www.design-emotions.com\/en\/wp-json\/wp\/v2\/types\/page"}],"author":[{"embeddable":true,"href":"https:\/\/www.design-emotions.com\/en\/wp-json\/wp\/v2\/users\/1"}],"replies":[{"embeddable":true,"href":"https:\/\/www.design-emotions.com\/en\/wp-json\/wp\/v2\/comments?post=47"}],"version-history":[{"count":5,"href":"https:\/\/www.design-emotions.com\/en\/wp-json\/wp\/v2\/pages\/47\/revisions"}],"predecessor-version":[{"id":78,"href":"https:\/\/www.design-emotions.com\/en\/wp-json\/wp\/v2\/pages\/47\/revisions\/78"}],"wp:attachment":[{"href":"https:\/\/www.design-emotions.com\/en\/wp-json\/wp\/v2\/media?parent=47"}],"curies":[{"name":"wp","href":"https:\/\/api.w.org\/{rel}","templated":true}]}}