{"id":59,"date":"2025-07-29T08:12:51","date_gmt":"2025-07-29T06:12:51","guid":{"rendered":"http:\/\/wordpress.p695750.webspaceconfig.de\/?page_id=59"},"modified":"2025-07-29T10:06:57","modified_gmt":"2025-07-29T08:06:57","slug":"native-world","status":"publish","type":"page","link":"https:\/\/www.design-emotions.com\/en\/marken\/native-world\/","title":{"rendered":"Native World"},"content":{"rendered":"<p>[et_pb_section fb_built=&#8220;1&#8243; _builder_version=&#8220;4.27.4&#8243; custom_margin=&#8220;0px||||false|false&#8220; custom_padding=&#8220;0px||||false|false&#8220; global_colors_info=&#8220;{}&#8220; theme_builder_area=&#8220;post_content&#8220;][et_pb_row _builder_version=&#8220;4.27.4&#8243; _module_preset=&#8220;default&#8220; width=&#8220;100%&#8220; max_width=&#8220;1420px&#8220; custom_padding=&#8220;0px||||false|false&#8220; global_colors_info=&#8220;{}&#8220; theme_builder_area=&#8220;post_content&#8220;][et_pb_column type=&#8220;4_4&#8243; _builder_version=&#8220;4.27.4&#8243; _module_preset=&#8220;default&#8220; global_colors_info=&#8220;{}&#8220; theme_builder_area=&#8220;post_content&#8220;][et_pb_image src=&#8220;https:\/\/www.design-emotions.com\/wp-content\/uploads\/2025\/07\/headerbild-native-world.jpg&#8220; title_text=&#8220;headerbild-native-world&#8220; _builder_version=&#8220;4.27.4&#8243; _module_preset=&#8220;default&#8220; global_colors_info=&#8220;{}&#8220; theme_builder_area=&#8220;post_content&#8220;][\/et_pb_image][\/et_pb_column][\/et_pb_row][et_pb_row column_structure=&#8220;1_2,1_2&#8243; _builder_version=&#8220;4.16&#8243; background_size=&#8220;initial&#8220; background_position=&#8220;top_left&#8220; background_repeat=&#8220;repeat&#8220; global_colors_info=&#8220;{}&#8220; theme_builder_area=&#8220;post_content&#8220;][et_pb_column type=&#8220;1_2&#8243; _builder_version=&#8220;4.16&#8243; custom_padding=&#8220;|||&#8220; global_colors_info=&#8220;{}&#8220; custom_padding__hover=&#8220;|||&#8220; theme_builder_area=&#8220;post_content&#8220;][et_pb_text _builder_version=&#8220;4.16&#8243; background_size=&#8220;initial&#8220; background_position=&#8220;top_left&#8220; background_repeat=&#8220;repeat&#8220; global_colors_info=&#8220;{}&#8220; theme_builder_area=&#8220;post_content&#8220;]<!-- divi:paragraph --><\/p>\n<div id=\"c4\" class=\"frame frame-default frame-type-header frame-layout-0\">\n<header>\n<h3 class=\"\">NATIVE WORLD BY DESIGN &amp; EMOTIONS<\/h3>\n<\/header>\n<\/div>\n<div id=\"c2\" class=\"frame frame-default frame-type-textpic frame-layout-0\">\n<header>\n<h1>Native World \u2013 True quality should always stand the test of time<\/h1>\n<\/header>\n<div class=\"ce-textpic ce-center ce-above\">\n<div class=\"ce-bodytext\"><\/div>\n<\/div>\n<\/div>\n<div class=\"col-xs-12 col-md-6\">\n<div id=\"c108\" class=\"frame frame-default frame-type-textpic frame-layout-0\">\n<div class=\"ce-textpic ce-center ce-above\">\n<div class=\"ce-bodytext\">\n<p>Ihr<span>\u00a0<\/span><strong>Native World<\/strong><span>\u00a0<\/span>Your Native World garment can be worn throughout the years and still look as good as the day it was purchased. True quality that stands the test of time and a reminder of the beauty of Aotearoa\/NZ.<\/p>\n<p><strong><a href=\"https:\/\/www.mkm.co.nz\/\" target=\"_blank\" rel=\"noopener\">More informations about Native World<\/a><\/strong><\/p>\n<\/div>\n<\/div>\n<\/div>\n<\/div>\n<p>&nbsp;<\/p>\n<p><!-- \/divi:paragraph -->[\/et_pb_text][\/et_pb_column][et_pb_column type=&#8220;1_2&#8243; _builder_version=&#8220;4.16&#8243; custom_padding=&#8220;|||&#8220; global_colors_info=&#8220;{}&#8220; custom_padding__hover=&#8220;|||&#8220; theme_builder_area=&#8220;post_content&#8220;][et_pb_image src=&#8220;https:\/\/www.design-emotions.com\/wp-content\/uploads\/2025\/07\/contentbild-native-world.jpg&#8220; title_text=&#8220;contentbild-native-world&#8220; _builder_version=&#8220;4.27.4&#8243; _module_preset=&#8220;default&#8220; hover_enabled=&#8220;0&#8243; global_colors_info=&#8220;{}&#8220; theme_builder_area=&#8220;post_content&#8220; sticky_enabled=&#8220;0&#8243;][\/et_pb_image][\/et_pb_column][\/et_pb_row][\/et_pb_section]<\/p>","protected":false},"excerpt":{"rendered":"<p>NATIVE WORLD BY DESIGN &amp; EMOTIONS Native World \u2013 Erstklassige Qualit\u00e4t sollte immer den Test der Zeit bestehen Ihr\u00a0Native World\u00a0Kleidungsst\u00fcck kann viele Jahre getragen werden und sieht noch immer aus, wie am Tag des Kaufs. Die Marke steht f\u00fcr ehrliche, gute Qualit\u00e4t, die den Test der Zeit besteht und an die Sch\u00f6nheit der Natur und [&hellip;]<\/p>","protected":false},"author":1,"featured_media":0,"parent":53,"menu_order":54,"comment_status":"closed","ping_status":"closed","template":"","meta":{"_et_pb_use_builder":"on","_et_pb_old_content":"<!-- wp:divi\/placeholder \/-->","_et_gb_content_width":"","footnotes":""},"class_list":["post-59","page","type-page","status-publish","hentry"],"_links":{"self":[{"href":"https:\/\/www.design-emotions.com\/en\/wp-json\/wp\/v2\/pages\/59","targetHints":{"allow":["GET"]}}],"collection":[{"href":"https:\/\/www.design-emotions.com\/en\/wp-json\/wp\/v2\/pages"}],"about":[{"href":"https:\/\/www.design-emotions.com\/en\/wp-json\/wp\/v2\/types\/page"}],"author":[{"embeddable":true,"href":"https:\/\/www.design-emotions.com\/en\/wp-json\/wp\/v2\/users\/1"}],"replies":[{"embeddable":true,"href":"https:\/\/www.design-emotions.com\/en\/wp-json\/wp\/v2\/comments?post=59"}],"version-history":[{"count":4,"href":"https:\/\/www.design-emotions.com\/en\/wp-json\/wp\/v2\/pages\/59\/revisions"}],"predecessor-version":[{"id":100,"href":"https:\/\/www.design-emotions.com\/en\/wp-json\/wp\/v2\/pages\/59\/revisions\/100"}],"up":[{"embeddable":true,"href":"https:\/\/www.design-emotions.com\/en\/wp-json\/wp\/v2\/pages\/53"}],"wp:attachment":[{"href":"https:\/\/www.design-emotions.com\/en\/wp-json\/wp\/v2\/media?parent=59"}],"curies":[{"name":"wp","href":"https:\/\/api.w.org\/{rel}","templated":true}]}}